{"id":53,"date":"2020-06-25T14:49:49","date_gmt":"2020-06-25T14:49:49","guid":{"rendered":"http:\/\/erika.sahrhage.info\/?page_id=53"},"modified":"2025-07-21T20:38:45","modified_gmt":"2025-07-21T20:38:45","slug":"ueber-mich","status":"publish","type":"page","link":"http:\/\/erika.sahrhage.info\/?page_id=53","title":{"rendered":"\u00dcber mich"},"content":{"rendered":"\n<p>Geboren 1962 in Isingdorf-Arrode. <\/p>\n\n\n\n<p>Aufgewachsen in H\u00e4ger, aktiv in der Jugendarbeit (CVJM), bis auf Kreisebene im Vorstand des Kreisjugendrings.<\/p>\n\n\n\n<p>Schule, Studium, Familiengr\u00fcndung in Werther, Halle, Neuenkirchen, Bielefeld&#8230; also in der Gegend&#8230; Echt ostwestf\u00e4lisch.<\/p>\n\n\n\n<p>Studium der Biologie, Diplom-Biologin.<\/p>\n\n\n\n<p>Verheiratet seit 1993, drei Kinder.<\/p>\n\n\n\n<p>Seit fast 15 Jahren EU- und Forschungsreferentin an der Uni Bielefeld.<\/p>\n\n\n\n<p>Seit 2006 wieder in Werther\/H\u00e4ger wohnhaft.<\/p>\n\n\n\n<p>Mitglied der SPD seit 2017. Meine pers\u00f6nliche Motivation: Nie wieder Faschismus, keinen Millimeter nach Rechts! Die SPD ist f\u00fcr mich die Partei, die das am glaubw\u00fcrdigsten vertreten kann.<\/p>\n\n\n\n<p>Seit 2018 aktiv als sachkundige B\u00fcrgerin, seit 2020 im Stadtrat und Vorsitzende des Ausschusses f\u00fcr Planen, Bauen und Stadentwicklung.<\/p>\n\n\n\n<p>Im Vorstand des SPD Ortsvereins seit 2018, zun\u00e4chst als Kassiererin. Seit 2024 Ortsvereinsvorsitzende.<\/p>\n\n\n\n<p>Ich habe Spa\u00df daran, mich kommunalpolitisch zu engagieren und einzumischen!<\/p>\n\n\n\n<p>Ich m\u00f6chte gerne weiterhin als Ratsmitglied dazu beitragen, meine Heimatstadt positiv weiter zu entwickeln und zukunftsf\u00e4hig zu machen. Zusammen mit unserem B\u00fcrgermeister Veith Lemmen wollen wir Werther noch <strong><em>#lebenswerther<\/em><\/strong> machen.<\/p>\n\n\n\n<p>Ich fahre gerne mit dem Fahrrad am Wochenende durch das sch\u00f6ne Ravensberger H\u00fcgelland, zur Arbeit nach Bielefeld und wohin es irgendwie m\u00f6glich ist. Mit meiner Doppelkopfrunde treffe ich mich schon \u00fcber 35 Jahren regelm\u00e4\u00dfig. Und ich genie\u00dfe meinen Garten und die Natur bei mir zuhause in H\u00e4ger.<\/p>\n","protected":false},"excerpt":{"rendered":"<p>Geboren 1962 in Isingdorf-Arrode. Aufgewachsen in H\u00e4ger, aktiv in der Jugendarbeit (CVJM), bis auf Kreisebene im Vorstand des Kreisjugendrings. Schule, Studium, Familiengr\u00fcndung in Werther, Halle, Neuenkirchen, Bielefeld&#8230; also in der Gegend&#8230; Echt ostwestf\u00e4lisch. Studium der Biologie, Diplom-Biologin. Verheiratet seit 1993, drei Kinder. Seit fast 15 Jahren EU- und Forschungsreferentin an der Uni Bielefeld. Seit 2006 &hellip; <\/p>\n<p class=\"link-more\"><a href=\"http:\/\/erika.sahrhage.info\/?page_id=53\" class=\"more-link\"><span class=\"screen-reader-text\">\u201e\u00dcber mich\u201c<\/span> weiterlesen<\/a><\/p>\n","protected":false},"author":1,"featured_media":0,"parent":0,"menu_order":0,"comment_status":"closed","ping_status":"closed","template":"","meta":{"footnotes":""},"class_list":["post-53","page","type-page","status-publish","hentry"],"_links":{"self":[{"href":"http:\/\/erika.sahrhage.info\/index.php?rest_route=\/wp\/v2\/pages\/53","targetHints":{"allow":["GET"]}}],"collection":[{"href":"http:\/\/erika.sahrhage.info\/index.php?rest_route=\/wp\/v2\/pages"}],"about":[{"href":"http:\/\/erika.sahrhage.info\/index.php?rest_route=\/wp\/v2\/types\/page"}],"author":[{"embeddable":true,"href":"http:\/\/erika.sahrhage.info\/index.php?rest_route=\/wp\/v2\/users\/1"}],"replies":[{"embeddable":true,"href":"http:\/\/erika.sahrhage.info\/index.php?rest_route=%2Fwp%2Fv2%2Fcomments&post=53"}],"version-history":[{"count":14,"href":"http:\/\/erika.sahrhage.info\/index.php?rest_route=\/wp\/v2\/pages\/53\/revisions"}],"predecessor-version":[{"id":100,"href":"http:\/\/erika.sahrhage.info\/index.php?rest_route=\/wp\/v2\/pages\/53\/revisions\/100"}],"wp:attachment":[{"href":"http:\/\/erika.sahrhage.info\/index.php?rest_route=%2Fwp%2Fv2%2Fmedia&parent=53"}],"curies":[{"name":"wp","href":"https:\/\/api.w.org\/{rel}","templated":true}]}}