{"id":2,"date":"2016-05-10T03:48:21","date_gmt":"2016-05-10T03:48:21","guid":{"rendered":"http:\/\/erika.sahrhage.info\/?page_id=2"},"modified":"2025-07-21T18:49:49","modified_gmt":"2025-07-21T18:49:49","slug":"sample-page","status":"publish","type":"page","link":"http:\/\/erika.sahrhage.info\/","title":{"rendered":"Ich lebe gerne in Werther!"},"content":{"rendered":"\n<p>Und es gibt viele gute Gr\u00fcnde, in Werther zu wohnen. Als starke SPD-Fraktion werden wir weiter daran arbeiten, den besonderen Charakter Werthers zu erhalten, zukunftsf\u00e4hig und <em>#<strong>lebenswerther<\/strong><\/em> zu machen.<\/p>\n\n\n\n<p>Als Vorsitzende im Ausschuss f\u00fcr Planen, Bauen und Stadtentwicklung ist mir die behutsame Entwicklung von Wohngebieten und bezahlbarem Wohnraum besonders wichtig. Am Blotenberg ist es uns gelungen, ein attraktives Wohngebiet zu entwickeln, das sehr gut nachgefragt ist. Wir m\u00fcssen mit Weitblick weitere M\u00f6glichkeiten der Wohnbauentwicklung schaffen, um jungen Familien die Chance zu geben, hier sesshaft zu werden.<\/p>\n\n\n\n<p>Ein weiteres Anliegen ist mir die gerechte Aufteilung des vorhandenen Verkehrsraums durch die St\u00e4rkung des Fu\u00df- und Radverkehrs. Dazu geh\u00f6rt auch der Ausbau des \u00d6PNV und des Radwegenetzes zwischen den Ortsteilen und zu den Nachbarkommunen. Der Radweg von H\u00e4ger nach Schr\u00f6ttinghausen ist mein t\u00e4glicher Arbeitsweg und f\u00fcr viele Radfahrer*innen eine wichtige Verbindung nach Bielefeld. Dank der konsequenten und engagierten Arbeit unseres B\u00fcrgermeisters und der Verwaltung wird die nicht ungef\u00e4hrliche L\u00fccke im Radweg noch in diesem Jahr geschlossen.<\/p>\n\n\n\n<p>Als H\u00e4geranerin liegt mir dieser Ortsteil von Werther besonders am Herzen. Es gibt eine sehr rege Dorfgemeinschaft und gro\u00dfartige Projekte wie den Dorfladen oder das B\u00fccherhaus. Dieses besondere gesellschaftliche Engagement gilt es weiterhin zu unterst\u00fctzen.<\/p>\n\n\n\n<p>In den vergangenen Jahren hat sich die SPD als treibende Kraft im Stadtrat erwiesen. Wir haben mit Augenma\u00df und sachlich fundierten Argumenten die Politik in Werther entscheidend mitgestaltet, zusammen mit unserem B\u00fcrgermeister Veith Lemmen. Das m\u00f6chten wir in der n\u00e4chsten Ratsperiode fortf\u00fchren.<\/p>\n\n\n\n<p>Gerade in Zeiten erstarkender extremer Kr\u00e4fte in der Politik sind mir die Grundwerte der SPD besonders wichtig: Solidarit\u00e4t, Gerechtigkeit und gesellschaftlicher Zusammenhalt.<\/p>\n\n\n\n<p>Ich trete bei der kommenden Kommunalwahl am 14. September 2025 zum ersten Mal in meinem Heimatdorf H\u00e4ger an und werbe um Ihr Vertrauen und Ihre Stimme.<\/p>\n\n\n\n<p>Herzlichst<\/p>\n\n\n\n<p>Ihre<\/p>\n\n\n\n<p><\/p>\n\n\n\n<p class=\"has-drop-cap\"><\/p>\n\n\n\n<figure class=\"wp-block-image size-large is-resized\"><img loading=\"lazy\" decoding=\"async\" width=\"447\" height=\"107\" src=\"http:\/\/erika.sahrhage.info\/wp-content\/uploads\/2020\/06\/Element-1@4x.png\" alt=\"\" class=\"wp-image-15\" style=\"width:259px;height:62px\" srcset=\"http:\/\/erika.sahrhage.info\/wp-content\/uploads\/2020\/06\/Element-1@4x.png 447w, http:\/\/erika.sahrhage.info\/wp-content\/uploads\/2020\/06\/Element-1@4x-300x72.png 300w\" sizes=\"auto, (max-width: 447px) 100vw, 447px\" \/><\/figure>\n","protected":false},"excerpt":{"rendered":"<p>Und es gibt viele gute Gr\u00fcnde, in Werther zu wohnen. Als starke SPD-Fraktion werden wir weiter daran arbeiten, den besonderen Charakter Werthers zu erhalten, zukunftsf\u00e4hig und #lebenswerther zu machen. Als Vorsitzende im Ausschuss f\u00fcr Planen, Bauen und Stadtentwicklung ist mir die behutsame Entwicklung von Wohngebieten und bezahlbarem Wohnraum besonders wichtig. Am Blotenberg ist es uns &hellip; <\/p>\n<p class=\"link-more\"><a href=\"http:\/\/erika.sahrhage.info\/\" class=\"more-link\"><span class=\"screen-reader-text\">\u201eIch lebe gerne in Werther!\u201c<\/span> weiterlesen<\/a><\/p>\n","protected":false},"author":1,"featured_media":0,"parent":0,"menu_order":0,"comment_status":"closed","ping_status":"open","template":"","meta":{"footnotes":""},"class_list":["post-2","page","type-page","status-publish","hentry"],"_links":{"self":[{"href":"http:\/\/erika.sahrhage.info\/index.php?rest_route=\/wp\/v2\/pages\/2","targetHints":{"allow":["GET"]}}],"collection":[{"href":"http:\/\/erika.sahrhage.info\/index.php?rest_route=\/wp\/v2\/pages"}],"about":[{"href":"http:\/\/erika.sahrhage.info\/index.php?rest_route=\/wp\/v2\/types\/page"}],"author":[{"embeddable":true,"href":"http:\/\/erika.sahrhage.info\/index.php?rest_route=\/wp\/v2\/users\/1"}],"replies":[{"embeddable":true,"href":"http:\/\/erika.sahrhage.info\/index.php?rest_route=%2Fwp%2Fv2%2Fcomments&post=2"}],"version-history":[{"count":4,"href":"http:\/\/erika.sahrhage.info\/index.php?rest_route=\/wp\/v2\/pages\/2\/revisions"}],"predecessor-version":[{"id":98,"href":"http:\/\/erika.sahrhage.info\/index.php?rest_route=\/wp\/v2\/pages\/2\/revisions\/98"}],"wp:attachment":[{"href":"http:\/\/erika.sahrhage.info\/index.php?rest_route=%2Fwp%2Fv2%2Fmedia&parent=2"}],"curies":[{"name":"wp","href":"https:\/\/api.w.org\/{rel}","templated":true}]}}